{"id":1962,"date":"2024-04-03T09:16:01","date_gmt":"2024-04-03T09:16:01","guid":{"rendered":"https:\/\/canal.mesmnac.cat\/avis-legal\/"},"modified":"2024-12-03T11:26:02","modified_gmt":"2024-12-03T11:26:02","slug":"avis-legal","status":"publish","type":"page","link":"https:\/\/canal.mesmnac.cat\/es\/avis-legal\/","title":{"rendered":"Aviso legal"},"content":{"rendered":"\n<p><\/p>\n\n\n<section class=\"container-fluid wrap-hero\">\n  <p\n      class=\"col-span-full flex flex-wrap gap-1.5 pt-6 md:pt-12 text-base text-gray-700 dark:text-gray-200 items-baseline breadcrumb\">\n      <span><span><a href=\"https:\/\/canal.mesmnac.cat\/es\/inici\/\"><i class=\"home-icon\"><\/i><\/a><\/span><\/span><\/p>\n    \n  <article\n    class=\"items-baseline py-10 grid grid-flow-row gap-4 md:py-12 md:grid-cols-12 md:gap-8\"\n  >\n    <h1 class=\"text-xl font-bold md:text-3xl col-span-full text-balance\">\n      Av\u00eds Legal\n    <\/h1>\n    <div class=\"flex flex-col col-span-full md:col-span-5\">\n      <div class=\"mt-6 text-base prose text-current md:text-lg prose\">\n        <p>El\u00a0<strong>Museu Nacional d\u2019Art de Catalunya<\/strong>, con sede en el Palau Nacional, Parc de Montju\u00efc, 08038, Barcelona, es el titular del sitio web <a href=\"http:\/\/canal.mesmnac.cat\/es\/\">canal.mesmnac.cat\/es\/<\/a>\u00a0y lo pone a disposici\u00f3n de los usuarios para hacer m\u00e1s accesibles los fondos y para difundir los servicios y las actividades que ofrece, fomentando, as\u00ed mismo, la generaci\u00f3n de nuevos conocimientos.<\/p>\n\n      <\/div>\n      <svg class=\"h-auto mt-6 w-28\" viewBox=\"0 0 119 119\" fill=\"none\" xmlns=\"http:\/\/www.w3.org\/2000\/svg\">\n  <g clip-path=\"url(#clip0_2055_69021)\">\n    <rect width=\"119\" height=\"119\" fill=\"#131108\"><\/rect>\n    <path\n      d=\"M62.8538 31.8462C60.3778 31.8462 58.6397 30.1296 58.6397 26.6481V13.9524H61.1104V26.8727C61.1104 28.7124 61.8163 29.5467 62.8538 29.5467C63.9127 29.5467 64.6186 28.7124 64.6186 26.8727V13.9524H67.0679V26.6428C67.0679 30.1296 65.3245 31.8462 62.8538 31.8462ZM48.6232 31.6216H55.2331V29.2793H51.1153V23.894H54.7251V21.5517H51.1153V16.3001H55.1529V13.9524H48.6232V31.6216ZM41.2486 31.7981C43.5481 31.7981 45.3878 30.0547 45.3878 27.4557V27.4075C45.3878 25.4128 44.7835 24.2256 42.4358 21.45C40.8207 19.5302 40.4945 19.0007 40.4945 18.0114V17.9686C40.4945 16.8563 41.302 16.1771 42.3074 16.1771C43.1096 16.1771 43.7995 16.4498 44.7567 17.0327V14.4123C43.9706 14.0059 43.2166 13.7812 42.0293 13.7812C39.7565 13.7812 37.9917 15.4979 37.9917 18.097V18.1504C37.9917 20.1398 38.7725 21.2522 40.9437 23.8566C42.5588 25.8032 42.8903 26.5305 42.8903 27.5359V27.5894C42.8903 28.8033 42.0828 29.4076 41.0186 29.4076C40.163 29.4076 39.2538 29.0547 38.1415 28.3701V30.9959C39.0827 31.4719 40.0881 31.7981 41.2486 31.7981ZM30.4994 31.8462C32.9701 31.8462 34.7189 30.1296 34.7189 26.6481V13.9524H32.2695V26.8727C32.2695 28.7124 31.5636 29.5467 30.5048 29.5467C29.4673 29.5467 28.7614 28.7124 28.7614 26.8727V13.9524H26.2907V26.6428C26.28 30.1296 28.0234 31.8462 30.4994 31.8462ZM12.3275 31.6216H14.7019V19.5836L17.3277 27.3594H17.4026L20.0284 19.5836V31.6216H22.4295V13.9524H19.8786L17.3812 21.45L14.8837 13.9524H12.3328V31.6216H12.3275ZM55.4845 80.5222H57.9605V65.206H60.3296V62.8583H53.0887V65.206H55.4845V80.5222ZM45.2648 71.8427C46.928 71.8427 48.067 70.8319 48.067 68.5645V68.4094C48.067 65.9814 46.8531 65.1793 45.1899 65.1793H44.837V71.8427H45.2648ZM42.3342 62.8583H45.2113C48.3398 62.8583 50.5645 64.5964 50.5645 68.3612V68.5377C50.5645 70.8801 49.5751 72.4256 48.1901 73.2545L50.864 80.5222H48.1901L45.8156 74.062C45.714 74.062 45.591 74.0888 45.4894 74.0888H44.8316V80.5222H42.3342V62.8583ZM24.6168 70.3292H25.5206L27.1089 63.0829V62.8583H24.6114V70.3292H24.6168ZM15.2046 78.2547C17.0229 78.2547 18.4614 76.5595 18.4614 71.971V71.4148C18.4614 66.8211 16.9961 65.1311 15.1779 65.1311H14.8249V78.2547H15.2046ZM12.3275 62.8583H14.9747C18.7074 62.8583 20.9803 65.7354 20.9803 71.4148V71.971C20.9803 77.6504 18.7074 80.5276 14.9747 80.5276H12.3275V62.8583ZM35.6761 74.6235L34.3392 67.2328L32.9915 74.6235H35.6761ZM33.0503 62.7941H35.7029L39.211 80.5329H36.7136L36.0237 76.6611H32.6599L31.9647 80.5329H29.5368L33.0503 62.7941ZM82.2611 80.5222H88.8764V78.1745H84.7585V72.7999H88.3683V70.4522H84.7585V65.2007H88.7962V62.853H82.2611V80.5222ZM72.9238 78.2547C74.742 78.2547 76.1806 76.5595 76.1806 71.971V71.4148C76.1806 66.8211 74.7153 65.1311 72.9024 65.1311H72.5441V78.2547H72.9238ZM70.0466 62.8583H72.6938C76.4266 62.8583 78.7048 65.7354 78.7048 71.4148V71.971C78.7048 77.6504 76.432 80.5276 72.6938 80.5276H70.0466V62.8583ZM90.5609 104.999H93.0637V97.8332L96.4703 87.3354H93.9461L91.8284 94.5549L89.7588 87.3354H87.1597L90.5663 97.8332V104.999H90.5609ZM75.6244 104.999H78.047V93.8971L82.0098 104.999H84.2558V87.33H81.8333V98.0364L77.9989 87.33H75.6244V104.999ZM67.5439 105.229C70.0199 105.229 71.758 103.513 71.758 100.031V87.33H69.3087V100.256C69.3087 102.095 68.6027 102.93 67.5439 102.93C66.5064 102.93 65.8058 102.095 65.8058 100.256V87.33H63.3298V100.026C63.3298 103.513 65.0732 105.229 67.5439 105.229ZM54.3989 104.999H60.5061V102.652H56.8963V87.33H54.3989V104.999ZM35.2697 104.999H37.7404V89.6777H40.1148V87.33H32.8739V89.6777H35.275V104.999H35.2697ZM16.825 105.128C17.6807 105.128 18.3384 104.973 18.9695 104.593V102.144C18.3384 102.523 17.7609 102.7 17.2261 102.7C15.6592 102.7 14.4773 101.234 14.4773 96.4641V95.8598C14.4773 91.266 15.6645 89.6242 17.2047 89.6242C17.7823 89.6242 18.2903 89.8274 18.9214 90.2071V87.6348C18.2903 87.33 17.8357 87.207 16.9801 87.207C14.2313 87.207 11.9531 89.7793 11.9531 95.8865V96.4374C11.9531 102.502 14.0709 105.128 16.825 105.128ZM27.7988 99.1006L26.4618 91.7099L25.1141 99.1006H27.7988ZM25.173 87.2658H27.8255L31.339 105.005H28.8362L28.1464 101.133H24.7826L24.0874 105.005H21.6594L25.173 87.2658ZM47.7622 99.1006L46.4253 91.7099L45.0776 99.1006H47.7622ZM45.1364 87.2658H47.7836L51.3025 105.005H48.7997L48.1045 101.133H44.7407L44.0455 105.005H41.6229L45.1364 87.2658ZM103.513 99.1006L102.176 91.7099L100.829 99.1006H103.513ZM100.888 87.2658H103.54L107.054 105.005H104.551L103.856 101.133H100.497L99.802 105.005H97.3741L100.888 87.2658ZM89.9834 56.0826H96.0906V53.7349H92.4808V38.4134H89.9834V56.0826ZM65.501 56.0826H67.9236V44.9752L71.8863 56.0826H74.1324V38.4134H71.7152V49.1144L67.8754 38.4134H65.501V56.0826ZM57.399 54.0344C58.5862 54.0344 59.4205 52.1947 59.4205 47.6223V46.8629C59.4205 42.2959 58.5862 40.4562 57.399 40.4562C56.2118 40.4562 55.3775 42.2959 55.3775 46.8629V47.6223C55.3829 52.1947 56.2118 54.0344 57.399 54.0344ZM57.399 56.3019C54.7251 56.3019 52.8534 53.5798 52.8534 47.6223V46.8629C52.8534 40.9055 54.7251 38.1834 57.399 38.1834C60.0729 38.1834 61.9447 40.9055 61.9447 46.8629V47.6223C61.9447 53.5798 60.0729 56.3019 57.399 56.3019ZM46.7247 56.0826H49.2008V38.4134H46.7247V56.0826ZM40.917 56.2056C41.778 56.2056 42.4304 56.0559 43.0668 55.6762V53.2215C42.4358 53.6066 41.8582 53.7777 41.3234 53.7777C39.7565 53.7777 38.5746 52.3177 38.5746 47.5421V46.9378C38.5746 42.344 39.7565 40.7076 41.302 40.7076C41.8796 40.7076 42.3877 40.9055 43.0187 41.2852V38.7129C42.3877 38.4134 41.9384 38.285 41.0774 38.285C38.3233 38.285 36.0558 40.8627 36.0558 46.9699V47.5261C36.0451 53.5798 38.1682 56.2056 40.917 56.2056ZM12.3275 56.0826H14.75V44.9752L18.7128 56.0826H20.9589V38.4134H18.5363V49.1144L14.7019 38.4134H12.3275V56.0826ZM30.1411 50.1946L28.8042 42.8039L27.4565 50.1946H30.1411ZM27.51 38.3599H30.1625L33.676 56.0987H31.1732L30.4834 52.2268H27.1196L26.4244 56.0933H23.9964L27.51 38.3599ZM83.4055 50.1946L82.0686 42.8039L80.7263 50.1946H83.4055ZM80.7797 38.3599H83.4376L86.9511 56.0987H84.4484L83.7531 52.2322H80.3947L79.6995 56.0987H77.2716L80.7797 38.3599Z\"\n      fill=\"white\"><\/path>\n  <\/g>\n  <defs>\n    <clipPath id=\"clip0_2055_69021\">\n      <rect width=\"119\" height=\"119\" fill=\"white\"><\/rect>\n    <\/clipPath>\n  <\/defs>\n<\/svg>    <\/div>\n        <div class=\"pt-16 md:col-end-12 col-span-full md:col-span-5 md:pt-0\">\n      <div class=\"accordion-container\">\n    <div class=\"ac\">\n    <h3 class=\"ac-header\">\n      <button class=\"ac-trigger\">\n        Propiedad intelectual de los textos y de las im\u00e1genes\n      <\/button>\n    <\/h3>\n    <div class=\"ac-panel\">\n      <div class=\"ac-text\">\n        <p>El Museu Nacional d\u2019Art de Catalunya, en tanto que propietario intelectual de este sitio web, permite la reproducci\u00f3n de los textos siempre que no se indique lo contrario y que se mencione expresamente la fuente y la URL: \u00abWeb del Museu Nacional d\u2019Art de Catalunya de Barcelona, <a href=\"https:\/\/www.museunacional.cat\/es\" target=\"_blank\" rel=\"noopener\">www.museunacional.cat\/es<\/a>\u00bb,\u00a0y la autor\u00eda si consta.<\/p>\n<p>El Museu Nacional permite tambi\u00e9n la reproducci\u00f3n de las im\u00e1genes, los interactivos y el material audiovisual de este sitio web, siempre que no se indique lo contrario, que se respete la integridad de estos y se mencione expresamente la fuente y la URL: \u00abWeb del Museu Nacional d\u2019Art de Catalunya de Barcelona, <a href=\"https:\/\/www.museunacional.cat\/es\" target=\"_blank\" rel=\"noopener\">www.museunacional.cat\/es\u00bb<\/a>, y la autor\u00eda si consta, en los t\u00e9rminos y las condiciones de una licencia Creative Commons CC BY-NC-SA 3.0.0.<\/p>\n<div>Algunas de las obras pl\u00e1sticas y del material audiovisual reproducidos est\u00e1n protegidos por derechos de autor, en la mayor\u00eda de los casos gestionados por VEGAP, o por derechos de reproducci\u00f3n de otras propiedades de copyright. En estos casos, queda prohibida su reproducci\u00f3n total o parcial. El Museu Nacional d\u2019Art de Catalunya no se hace responsable del uso que hacen terceros de este material.<\/div>\n<div>El Museu Nacional d\u2019Art de Catalunya solo es responsable de la informaci\u00f3n contenida en este sitio web, y no asume ninguna responsabilidad por informaciones de cualquier tipo contenidas en otros sitios web no gestionados directamente por el museo, a los cuales este sitio web pueda remitir mediante enlaces. La finalidad de los enlaces que aparecen en este sitio web es exclusivamente informativa.<\/div>\n\n      <\/div>\n    <\/div>\n  <\/div>\n    <div class=\"ac\">\n    <h3 class=\"ac-header\">\n      <button class=\"ac-trigger\">\n        Uso del sitio web\n      <\/button>\n    <\/h3>\n    <div class=\"ac-panel\">\n      <div class=\"ac-text\">\n        <p>La responsabilidad del uso del sitio web recae en el usuario.<br \/>\nEl museo quiere fomentar la participaci\u00f3n de los usuarios con aportaciones de opiniones y materiales para estimular la visi\u00f3n cr\u00edtica, extender el conocimiento y hacer part\u00edcipes de ello a los usuarios. En aquellos apartados en los que se publiquen opiniones o materiales aportados voluntariamente por los usuarios, el museo se reserva el derecho de retirar todos aquellos comentarios y aportaciones que vulneren el respeto a la dignidad humana.<\/p>\n<p>El Museu Nacional d\u2019Art de Catalunya se reserva la facultad de efectuar en todo momento y sin necesidad de aviso previo, modificaciones y actualizaciones de la informaci\u00f3n contenida en su sitio web o en su configuraci\u00f3n y presentaci\u00f3n. El museo no es responsable de las opiniones aportadas por los usuarios a trav\u00e9s de los espacios de participaci\u00f3n que se pongan a disposici\u00f3n.<\/p>\n\n      <\/div>\n    <\/div>\n  <\/div>\n    <div class=\"ac\">\n    <h3 class=\"ac-header\">\n      <button class=\"ac-trigger\">\n        Protecci\u00f3n de datos de car\u00e1cter personal\n      <\/button>\n    <\/h3>\n    <div class=\"ac-panel\">\n      <div class=\"ac-text\">\n        <p>De acuerdo con la aplicaci\u00f3n del Reglamento general de protecci\u00f3n de datos de la Uni\u00f3 Europea (RGPD), en vigor a partir del 25 de mayo del 2018, el Museu Nacional d\u2019Art de Catalunya ha modificado su <span class=\"file media-element file-media-adaptive\" data-file_info=\"%7B%22fid%22:%2242486%22,%22view_mode%22:%22media_adaptive%22,%22type%22:%22media%22%7D\"><a href=\"https:\/\/www.museunacional.cat\/sites\/default\/files\/politica_de_privacitat.pdf\" type=\"application\/pdf; length=71044\">Pol\u00edtica de privacidad<\/a><\/span> (pdf &#8211; 69,3 Kb), la cual rige el tratamiento de sus datos de car\u00e1cter personal en su relaci\u00f3n con el museo.<\/p>\n<p>En diferentes apartados del sitio web hay formularios a disposici\u00f3n de los usuarios, en los cuales se solicitan datos de car\u00e1cter personal para atender las peticiones.<\/p>\n<p>En cumplimiento del RGPD, todos los datos que nos faciliten a trav\u00e9s de la p\u00e1gina web ser\u00e1n tratados de acuerdo con la legalidad vigente y en ning\u00fan caso ser\u00e1n cedidos a terceros sin la autorizaci\u00f3n expresa de los interesados.<\/p>\n<p>En cualquier momento pueden ejercer sus derechos de acceso, rectificaci\u00f3n, supresi\u00f3n, oposici\u00f3n al tratamiento y solicitud de limitaci\u00f3n sobre los datos personales facilitados, presentando un escrito a la direcci\u00f3n postal del Museu Nacional d\u2019Art de Catalunya (Palau Nacional, Parc de Montju\u00efc, 08038 Barcelona) o enviando un correo electr\u00f3nico a <a href=\"mailto:dadespersonals@museunacional.cat\">dadespersonals@museunacional.cat<\/a>, indicando como asunto \u00abRGPD, Ejercicio Derechos\u00bb. A tal efecto, ponemos a su disposici\u00f3n un <span class=\"file media-element file-media-adaptive\" data-file_info=\"%7B%22fid%22:%2248963%22,%22view_mode%22:%22media_adaptive%22,%22type%22:%22media%22%7D\"><a href=\"https:\/\/www.museunacional.cat\/sites\/default\/files\/impres_sollicitud_exercici_de_drets.pdf\" type=\"application\/pdf; length=67622\">impreso de solicitud de ejercicio de sus derechos<\/a><\/span> (pdf &#8211; 60 Kb) en materia de protecci\u00f3n de datos personales, que pueden rellenar y enviarnos tanto por correo postal como electr\u00f3nico en los t\u00e9rminos indicados.<\/p>\n<p><span class=\"file media-element file-media-adaptive\" data-file_info=\"%7B%22fid%22:%2248676%22,%22view_mode%22:%22media_adaptive%22,%22type%22:%22media%22%7D\"><a href=\"https:\/\/www.museunacional.cat\/sites\/default\/files\/registre_activitats_de_tractament_2019-2_0.pdf\" type=\"application\/pdf; length=79883\">Consultad las actividades de tratamiento<\/a> &#8211; pdf 78,6 Kb<\/span><\/p>\n\n      <\/div>\n    <\/div>\n  <\/div>\n  <\/div>\n\n\n    <\/div>\n      <\/article>\n<\/section>\n\n\n","protected":false},"excerpt":{"rendered":"","protected":false},"author":1,"featured_media":0,"parent":0,"menu_order":0,"comment_status":"closed","ping_status":"open","template":"template-legals.blade.php","meta":{"_acf_changed":false,"footnotes":""},"class_list":["post-1962","page","type-page","status-publish","hentry"],"acf":[],"yoast_head":"<!-- This site is optimized with the Yoast SEO Premium plugin v27.3 (Yoast SEO v27.3) - https:\/\/yoast.com\/product\/yoast-seo-premium-wordpress\/ -->\n<title>Aviso legal - MNAC Canal<\/title>\n<meta name=\"robots\" content=\"index, follow, max-snippet:-1, max-image-preview:large, max-video-preview:-1\" \/>\n<link rel=\"canonical\" href=\"https:\/\/canal.mesmnac.cat\/es\/avis-legal\/\" \/>\n<meta property=\"og:locale\" content=\"es_ES\" \/>\n<meta property=\"og:type\" content=\"article\" \/>\n<meta property=\"og:title\" content=\"Aviso legal\" \/>\n<meta property=\"og:url\" content=\"https:\/\/canal.mesmnac.cat\/es\/avis-legal\/\" \/>\n<meta property=\"og:site_name\" content=\"MNAC Canal\" \/>\n<meta property=\"article:modified_time\" content=\"2024-12-03T11:26:02+00:00\" \/>\n<meta name=\"twitter:card\" content=\"summary_large_image\" \/>\n<meta name=\"twitter:label1\" content=\"Est. reading time\" \/>\n\t<meta name=\"twitter:data1\" content=\"4 minutes\" \/>\n<script type=\"application\/ld+json\" class=\"yoast-schema-graph\">{\"@context\":\"https:\\\/\\\/schema.org\",\"@graph\":[{\"@type\":\"WebPage\",\"@id\":\"https:\\\/\\\/canal.mesmnac.cat\\\/es\\\/avis-legal\\\/\",\"url\":\"https:\\\/\\\/canal.mesmnac.cat\\\/es\\\/avis-legal\\\/\",\"name\":\"Aviso legal - MNAC Canal\",\"isPartOf\":{\"@id\":\"https:\\\/\\\/canal.mesmnac.cat\\\/es\\\/#website\"},\"datePublished\":\"2024-04-03T09:16:01+00:00\",\"dateModified\":\"2024-12-03T11:26:02+00:00\",\"breadcrumb\":{\"@id\":\"https:\\\/\\\/canal.mesmnac.cat\\\/es\\\/avis-legal\\\/#breadcrumb\"},\"inLanguage\":\"es-ES\",\"potentialAction\":[{\"@type\":\"ReadAction\",\"target\":[\"https:\\\/\\\/canal.mesmnac.cat\\\/es\\\/avis-legal\\\/\"]}]},{\"@type\":\"BreadcrumbList\",\"@id\":\"https:\\\/\\\/canal.mesmnac.cat\\\/es\\\/avis-legal\\\/#breadcrumb\",\"itemListElement\":[{\"@type\":\"ListItem\",\"position\":1,\"name\":\"\",\"item\":\"https:\\\/\\\/canal.mesmnac.cat\\\/es\\\/inici\\\/\"},{\"@type\":\"ListItem\",\"position\":2,\"name\":\"Aviso legal\"}]},{\"@type\":\"WebSite\",\"@id\":\"https:\\\/\\\/canal.mesmnac.cat\\\/es\\\/#website\",\"url\":\"https:\\\/\\\/canal.mesmnac.cat\\\/es\\\/\",\"name\":\"MNAC Canal\",\"description\":\"\",\"potentialAction\":[{\"@type\":\"SearchAction\",\"target\":{\"@type\":\"EntryPoint\",\"urlTemplate\":\"https:\\\/\\\/canal.mesmnac.cat\\\/es\\\/?s={search_term_string}\"},\"query-input\":{\"@type\":\"PropertyValueSpecification\",\"valueRequired\":true,\"valueName\":\"search_term_string\"}}],\"inLanguage\":\"es-ES\"}]}<\/script>\n<!-- \/ Yoast SEO Premium plugin. -->","yoast_head_json":{"title":"Aviso legal - MNAC Canal","robots":{"index":"index","follow":"follow","max-snippet":"max-snippet:-1","max-image-preview":"max-image-preview:large","max-video-preview":"max-video-preview:-1"},"canonical":"https:\/\/canal.mesmnac.cat\/es\/avis-legal\/","og_locale":"es_ES","og_type":"article","og_title":"Aviso legal","og_url":"https:\/\/canal.mesmnac.cat\/es\/avis-legal\/","og_site_name":"MNAC Canal","article_modified_time":"2024-12-03T11:26:02+00:00","twitter_card":"summary_large_image","twitter_misc":{"Est. reading time":"4 minutes"},"schema":{"@context":"https:\/\/schema.org","@graph":[{"@type":"WebPage","@id":"https:\/\/canal.mesmnac.cat\/es\/avis-legal\/","url":"https:\/\/canal.mesmnac.cat\/es\/avis-legal\/","name":"Aviso legal - MNAC Canal","isPartOf":{"@id":"https:\/\/canal.mesmnac.cat\/es\/#website"},"datePublished":"2024-04-03T09:16:01+00:00","dateModified":"2024-12-03T11:26:02+00:00","breadcrumb":{"@id":"https:\/\/canal.mesmnac.cat\/es\/avis-legal\/#breadcrumb"},"inLanguage":"es-ES","potentialAction":[{"@type":"ReadAction","target":["https:\/\/canal.mesmnac.cat\/es\/avis-legal\/"]}]},{"@type":"BreadcrumbList","@id":"https:\/\/canal.mesmnac.cat\/es\/avis-legal\/#breadcrumb","itemListElement":[{"@type":"ListItem","position":1,"name":"","item":"https:\/\/canal.mesmnac.cat\/es\/inici\/"},{"@type":"ListItem","position":2,"name":"Aviso legal"}]},{"@type":"WebSite","@id":"https:\/\/canal.mesmnac.cat\/es\/#website","url":"https:\/\/canal.mesmnac.cat\/es\/","name":"MNAC Canal","description":"","potentialAction":[{"@type":"SearchAction","target":{"@type":"EntryPoint","urlTemplate":"https:\/\/canal.mesmnac.cat\/es\/?s={search_term_string}"},"query-input":{"@type":"PropertyValueSpecification","valueRequired":true,"valueName":"search_term_string"}}],"inLanguage":"es-ES"}]}},"_links":{"self":[{"href":"https:\/\/canal.mesmnac.cat\/es\/wp-json\/wp\/v2\/pages\/1962","targetHints":{"allow":["GET"]}}],"collection":[{"href":"https:\/\/canal.mesmnac.cat\/es\/wp-json\/wp\/v2\/pages"}],"about":[{"href":"https:\/\/canal.mesmnac.cat\/es\/wp-json\/wp\/v2\/types\/page"}],"author":[{"embeddable":true,"href":"https:\/\/canal.mesmnac.cat\/es\/wp-json\/wp\/v2\/users\/1"}],"replies":[{"embeddable":true,"href":"https:\/\/canal.mesmnac.cat\/es\/wp-json\/wp\/v2\/comments?post=1962"}],"version-history":[{"count":5,"href":"https:\/\/canal.mesmnac.cat\/es\/wp-json\/wp\/v2\/pages\/1962\/revisions"}],"predecessor-version":[{"id":4307,"href":"https:\/\/canal.mesmnac.cat\/es\/wp-json\/wp\/v2\/pages\/1962\/revisions\/4307"}],"wp:attachment":[{"href":"https:\/\/canal.mesmnac.cat\/es\/wp-json\/wp\/v2\/media?parent=1962"}],"curies":[{"name":"wp","href":"https:\/\/api.w.org\/{rel}","templated":true}]}}